{"id":3590,"date":"2023-03-22T13:41:35","date_gmt":"2023-03-22T12:41:35","guid":{"rendered":"https:\/\/ti-ma.pl\/produkt\/uniwersalna-maszyna-formujaca-rex-ufm-300-6\/"},"modified":"2023-07-18T11:40:45","modified_gmt":"2023-07-18T09:40:45","slug":"uniwersalna-maszyna-formujaca-rex-ufm-300-6","status":"publish","type":"product","link":"https:\/\/ti-ma.pl\/en\/produkt\/uniwersalna-maszyna-formujaca-rex-ufm-300-6\/","title":{"rendered":"Universal forming machine REX UFM 300-6"},"content":{"rendered":"","protected":false},"excerpt":{"rendered":"<p><strong><img decoding=\"async\" class=\"alignnone wp-image-732 \" src=\"https:\/\/ti-ma.pl\/wp-content\/uploads\/2023\/03\/REX-LOGO.jpg\" alt=\"\" width=\"170\" height=\"29\" \/><\/strong><\/p>\n<h4>The universal shaping wizard<\/h4>\n<p>The UFM 300-6 is the universal solution for hamburger and dumpling production in combination with the REX filling machine. The modular structure enables a wide variety of products to be processed and shaped in a simple and economical way.<\/p>\n<p>The new hamburger shaper is the optimal machine-based solution for producing hamburgers using the low-pressure process. The pneumatic form cutter cuts the portions. The portions are then pressed into perfect \u201chome-made\u201d burgers via the form belt with optimal dimensional stability. The water spraying unit prevents the product sticking to the blade or conveyor belts. An optional imprint roller can be mounted to the end of the conveyor belt to structure the burger surface.<\/p>\n<p>By converting the form cutter for dumpling production, the form roller is able to shape single rows of beautifully round dumplings. The form rollers are available in various diameters for a range of dumpling sizes. Beautifully round dumplings can be created from meat, potato, bread and various other food products.<\/p>\n<p>Optional UV sterilisation for the FB 300 conveyor belt guarantees the highest possible level of bacterial eradication thus enhancing hygiene standards, giving machine suitability in high risk environments.<\/p>\n<p>An attachment for producing \u0107evap\u010di\u0107i is also available.<\/p>\n<p><span data-ccp-props=\"{&quot;201341983&quot;:0,&quot;335559739&quot;:200,&quot;335559740&quot;:276}\">\u00a0<\/span><\/p>\n<p><a href=\"\/kontakt\"><img decoding=\"async\" class=\"alignnone wp-image-361 size-full\" src=\"https:\/\/ti-ma.pl\/wp-content\/uploads\/2023\/04\/badge-kontakt-en.png\" alt=\"\" width=\"407\" height=\"178\" \/><\/p>\n","protected":false},"featured_media":1548,"comment_status":"closed","ping_status":"closed","template":"","meta":[],"product_cat":[629],"product_tag":[],"yoast_head":"<!-- This site is optimized with the Yoast SEO plugin v21.7 - https:\/\/yoast.com\/wordpress\/plugins\/seo\/ -->\n<title>Universal forming machine REX UFM 300-6 - Ti-Ma<\/title>\n<meta name=\"robots\" content=\"index, follow, max-snippet:-1, max-image-preview:large, max-video-preview:-1\" \/>\n<link rel=\"canonical\" href=\"https:\/\/ti-ma.pl\/produkt\/uniwersalna-maszyna-formujaca-rex-ufm-300-6\/\" \/>\n<meta property=\"og:locale\" content=\"en_US\" \/>\n<meta property=\"og:type\" content=\"article\" \/>\n<meta property=\"og:title\" content=\"Universal forming machine REX UFM 300-6 - Ti-Ma\" \/>\n<meta property=\"og:description\" content=\"The universal shaping wizard The UFM 300-6 is the universal solution for hamburger and dumpling production in combination with the REX filling machine. The modular structure enables a wide variety of products to be processed and shaped in a simple and economical way.  The new hamburger shaper is the optimal machine-based solution for producing hamburgers using the low-pressure process. The pneumatic form cutter cuts the portions. The portions are then pressed into perfect \u201chome-made\u201d burgers via the form belt with optimal dimensional stability. The water spraying unit prevents the product sticking to the blade or conveyor belts. An optional imprint roller can be mounted to the end of the conveyor belt to structure the burger surface.  By converting the form cutter for dumpling production, the form roller is able to shape single rows of beautifully round dumplings. The form rollers are available in various diameters for a range of dumpling sizes. Beautifully round dumplings can be created from meat, potato, bread and various other food products.  Optional UV sterilisation for the FB 300 conveyor belt guarantees the highest possible level of bacterial eradication thus enhancing hygiene standards, giving machine suitability in high risk environments.  An attachment for producing \u0107evap\u010di\u0107i is also available.  \u00a0\" \/>\n<meta property=\"og:url\" content=\"https:\/\/ti-ma.pl\/produkt\/uniwersalna-maszyna-formujaca-rex-ufm-300-6\/\" \/>\n<meta property=\"og:site_name\" content=\"Ti-Ma\" \/>\n<meta property=\"article:modified_time\" content=\"2023-07-18T09:40:45+00:00\" \/>\n<meta property=\"og:image\" content=\"https:\/\/ti-ma.pl\/wp-content\/uploads\/2023\/03\/UFM300-6.jpg\" \/>\n\t<meta property=\"og:image:width\" content=\"548\" \/>\n\t<meta property=\"og:image:height\" content=\"700\" \/>\n\t<meta property=\"og:image:type\" content=\"image\/jpeg\" \/>\n<meta name=\"twitter:card\" content=\"summary_large_image\" \/>\n<meta name=\"twitter:label1\" content=\"Est. reading time\" \/>\n\t<meta name=\"twitter:data1\" content=\"1 minute\" \/>\n<script type=\"application\/ld+json\" class=\"yoast-schema-graph\">{\"@context\":\"https:\/\/schema.org\",\"@graph\":[{\"@type\":\"WebPage\",\"@id\":\"https:\/\/ti-ma.pl\/produkt\/uniwersalna-maszyna-formujaca-rex-ufm-300-6\/\",\"url\":\"https:\/\/ti-ma.pl\/produkt\/uniwersalna-maszyna-formujaca-rex-ufm-300-6\/\",\"name\":\"Universal forming machine REX UFM 300-6 - Ti-Ma\",\"isPartOf\":{\"@id\":\"https:\/\/ti-ma.pl\/#website\"},\"datePublished\":\"2023-03-22T12:41:35+00:00\",\"dateModified\":\"2023-07-18T09:40:45+00:00\",\"breadcrumb\":{\"@id\":\"https:\/\/ti-ma.pl\/produkt\/uniwersalna-maszyna-formujaca-rex-ufm-300-6\/#breadcrumb\"},\"inLanguage\":\"en-US\",\"potentialAction\":[{\"@type\":\"ReadAction\",\"target\":[\"https:\/\/ti-ma.pl\/produkt\/uniwersalna-maszyna-formujaca-rex-ufm-300-6\/\"]}]},{\"@type\":\"BreadcrumbList\",\"@id\":\"https:\/\/ti-ma.pl\/produkt\/uniwersalna-maszyna-formujaca-rex-ufm-300-6\/#breadcrumb\",\"itemListElement\":[{\"@type\":\"ListItem\",\"position\":1,\"name\":\"Strona g\u0142\u00f3wna\",\"item\":\"https:\/\/ti-ma.pl\/en\/\"},{\"@type\":\"ListItem\",\"position\":2,\"name\":\"Shop\",\"item\":\"https:\/\/ti-ma.pl\/en\/shop\/\"},{\"@type\":\"ListItem\",\"position\":3,\"name\":\"Uniwersalne maszyny formuj\u0105ce\",\"item\":\"https:\/\/ti-ma.pl\/kategoria-produktu\/uniwersalne-maszyny-formujace\/\"},{\"@type\":\"ListItem\",\"position\":4,\"name\":\"sss\"}]},{\"@type\":\"WebSite\",\"@id\":\"https:\/\/ti-ma.pl\/#website\",\"url\":\"https:\/\/ti-ma.pl\/\",\"name\":\"Ti-Ma\",\"description\":\"Maszyny dla przetw&oacute;rstwa spo\u017cywczego\",\"potentialAction\":[{\"@type\":\"SearchAction\",\"target\":{\"@type\":\"EntryPoint\",\"urlTemplate\":\"https:\/\/ti-ma.pl\/?s={search_term_string}\"},\"query-input\":\"required name=search_term_string\"}],\"inLanguage\":\"en-US\"}]}<\/script>\n<!-- \/ Yoast SEO plugin. -->","yoast_head_json":{"title":"Universal forming machine REX UFM 300-6 - Ti-Ma","robots":{"index":"index","follow":"follow","max-snippet":"max-snippet:-1","max-image-preview":"max-image-preview:large","max-video-preview":"max-video-preview:-1"},"canonical":"https:\/\/ti-ma.pl\/produkt\/uniwersalna-maszyna-formujaca-rex-ufm-300-6\/","og_locale":"en_US","og_type":"article","og_title":"Universal forming machine REX UFM 300-6 - Ti-Ma","og_description":"The universal shaping wizard The UFM 300-6 is the universal solution for hamburger and dumpling production in combination with the REX filling machine. The modular structure enables a wide variety of products to be processed and shaped in a simple and economical way.  The new hamburger shaper is the optimal machine-based solution for producing hamburgers using the low-pressure process. The pneumatic form cutter cuts the portions. The portions are then pressed into perfect \u201chome-made\u201d burgers via the form belt with optimal dimensional stability. The water spraying unit prevents the product sticking to the blade or conveyor belts. An optional imprint roller can be mounted to the end of the conveyor belt to structure the burger surface.  By converting the form cutter for dumpling production, the form roller is able to shape single rows of beautifully round dumplings. The form rollers are available in various diameters for a range of dumpling sizes. Beautifully round dumplings can be created from meat, potato, bread and various other food products.  Optional UV sterilisation for the FB 300 conveyor belt guarantees the highest possible level of bacterial eradication thus enhancing hygiene standards, giving machine suitability in high risk environments.  An attachment for producing \u0107evap\u010di\u0107i is also available.  \u00a0","og_url":"https:\/\/ti-ma.pl\/produkt\/uniwersalna-maszyna-formujaca-rex-ufm-300-6\/","og_site_name":"Ti-Ma","article_modified_time":"2023-07-18T09:40:45+00:00","og_image":[{"width":548,"height":700,"url":"https:\/\/ti-ma.pl\/wp-content\/uploads\/2023\/03\/UFM300-6.jpg","type":"image\/jpeg"}],"twitter_card":"summary_large_image","twitter_misc":{"Est. reading time":"1 minute"},"schema":{"@context":"https:\/\/schema.org","@graph":[{"@type":"WebPage","@id":"https:\/\/ti-ma.pl\/produkt\/uniwersalna-maszyna-formujaca-rex-ufm-300-6\/","url":"https:\/\/ti-ma.pl\/produkt\/uniwersalna-maszyna-formujaca-rex-ufm-300-6\/","name":"Universal forming machine REX UFM 300-6 - Ti-Ma","isPartOf":{"@id":"https:\/\/ti-ma.pl\/#website"},"datePublished":"2023-03-22T12:41:35+00:00","dateModified":"2023-07-18T09:40:45+00:00","breadcrumb":{"@id":"https:\/\/ti-ma.pl\/produkt\/uniwersalna-maszyna-formujaca-rex-ufm-300-6\/#breadcrumb"},"inLanguage":"en-US","potentialAction":[{"@type":"ReadAction","target":["https:\/\/ti-ma.pl\/produkt\/uniwersalna-maszyna-formujaca-rex-ufm-300-6\/"]}]},{"@type":"BreadcrumbList","@id":"https:\/\/ti-ma.pl\/produkt\/uniwersalna-maszyna-formujaca-rex-ufm-300-6\/#breadcrumb","itemListElement":[{"@type":"ListItem","position":1,"name":"Strona g\u0142\u00f3wna","item":"https:\/\/ti-ma.pl\/en\/"},{"@type":"ListItem","position":2,"name":"Shop","item":"https:\/\/ti-ma.pl\/en\/shop\/"},{"@type":"ListItem","position":3,"name":"Uniwersalne maszyny formuj\u0105ce","item":"https:\/\/ti-ma.pl\/kategoria-produktu\/uniwersalne-maszyny-formujace\/"},{"@type":"ListItem","position":4,"name":"sss"}]},{"@type":"WebSite","@id":"https:\/\/ti-ma.pl\/#website","url":"https:\/\/ti-ma.pl\/","name":"Ti-Ma","description":"Maszyny dla przetw&oacute;rstwa spo\u017cywczego","potentialAction":[{"@type":"SearchAction","target":{"@type":"EntryPoint","urlTemplate":"https:\/\/ti-ma.pl\/?s={search_term_string}"},"query-input":"required name=search_term_string"}],"inLanguage":"en-US"}]}},"_links":{"self":[{"href":"https:\/\/ti-ma.pl\/en\/wp-json\/wp\/v2\/product\/3590"}],"collection":[{"href":"https:\/\/ti-ma.pl\/en\/wp-json\/wp\/v2\/product"}],"about":[{"href":"https:\/\/ti-ma.pl\/en\/wp-json\/wp\/v2\/types\/product"}],"replies":[{"embeddable":true,"href":"https:\/\/ti-ma.pl\/en\/wp-json\/wp\/v2\/comments?post=3590"}],"wp:featuredmedia":[{"embeddable":true,"href":"https:\/\/ti-ma.pl\/en\/wp-json\/wp\/v2\/media\/1548"}],"wp:attachment":[{"href":"https:\/\/ti-ma.pl\/en\/wp-json\/wp\/v2\/media?parent=3590"}],"wp:term":[{"taxonomy":"product_cat","embeddable":true,"href":"https:\/\/ti-ma.pl\/en\/wp-json\/wp\/v2\/product_cat?post=3590"},{"taxonomy":"product_tag","embeddable":true,"href":"https:\/\/ti-ma.pl\/en\/wp-json\/wp\/v2\/product_tag?post=3590"}],"curies":[{"name":"wp","href":"https:\/\/api.w.org\/{rel}","templated":true}]}}